{"id":3774,"date":"2021-10-14T15:46:36","date_gmt":"2021-10-14T13:46:36","guid":{"rendered":"https:\/\/www.mastercriticoub.com\/politica-de-privadesa\/"},"modified":"2026-01-30T08:08:03","modified_gmt":"2026-01-30T07:08:03","slug":"politica-de-privadesa","status":"publish","type":"page","link":"https:\/\/www.mastercriticoub.com\/ca\/politica-de-privadesa\/","title":{"rendered":"Pol\u00edtica de privadesa"},"content":{"rendered":"\t\t<div data-elementor-type=\"wp-page\" data-elementor-id=\"3774\" class=\"elementor elementor-3774 elementor-38\" data-elementor-post-type=\"page\">\n\t\t\t\t<div class=\"elementor-element elementor-element-f7951c3 e-flex e-con-boxed e-con e-parent\" data-id=\"f7951c3\" data-element_type=\"container\" data-e-type=\"container\">\n\t\t\t\t\t<div class=\"e-con-inner\">\n\t\t\t\t<div class=\"elementor-element elementor-element-84bfe24 elementor-widget elementor-widget-heading\" data-id=\"84bfe24\" data-element_type=\"widget\" data-e-type=\"widget\" data-widget_type=\"heading.default\">\n\t\t\t\t<div class=\"elementor-widget-container\">\n\t\t\t\t\t<h1 class=\"elementor-heading-title elementor-size-default\">POL\u00cdTICA DE PRIVACITAT<\/h1>\t\t\t\t<\/div>\n\t\t\t\t<\/div>\n\t\t\t\t<div class=\"elementor-element elementor-element-38da3dd elementor-widget elementor-widget-text-editor\" data-id=\"38da3dd\" data-element_type=\"widget\" data-e-type=\"widget\" data-widget_type=\"text-editor.default\">\n\t\t\t\t<div class=\"elementor-widget-container\">\n\t\t\t\t\t\t\t\t\t<p><strong>POL\u00cdTICA DE PRIVACITAT<\/strong><\/p><p>Si ets aqu\u00ed \u00e9s perqu\u00e8 vols saber m\u00e9s sobre les obligacions i els drets que et corresponen com a usuari d'aquesta web<strong><\/strong> i aix\u00f2 est\u00e0 molt b\u00e9. El nostre deure \u00e9s informar-te i el teu estar degudament informat.<\/p><p>En aquesta Pol\u00edtica de Privadesa t'informarem amb total transpar\u00e8ncia sobre la finalitat d'aquest lloc web i tot all\u00f2 que afecta les dades que ens facilitis, aix\u00ed com de les obligacions i drets que et corresponen.<\/p><p>Per comen\u00e7ar, has de saber que aquest lloc web s'adapta a la normativa vigent en relaci\u00f3 amb la protecci\u00f3 de dades, cosa que afecta les dades personals que ens facilitis amb el teu consentiment expr\u00e9s i les galetes que utilitzem perqu\u00e8 aquest lloc web funcioni correctament i pugui desenvolupar la seva activitat.<\/p><p>Concretament, aquesta web s'ajusta al compliment de les normatives seg\u00fcents:<\/p><ul><li><strong>El RGPD<\/strong> (Reglament (UE) 2016\/679 del Parlament Europeu i del Consell de 27 d'abril de 2016 relatiu a la protecci\u00f3 de les persones f\u00edsiques), que unifica la regulaci\u00f3 del tractament de les dades personals als diferents pa\u00efsos de la UE.<\/li><li><strong>La LOPDGDD<\/strong> (Llei Org\u00e0nica 3\/2018, del 5 de desembre, de Protecci\u00f3 de Dades Personals i garantia dels drets digitals), que adapta la normativa espanyola al RGPD i regula drets digitals.<\/li><li><strong>La LSSI<\/strong> (Llei 34\/2002, de 11 de juliol, de Serveis de la Societat de la Informaci\u00f3 i Comer\u00e7 Electr\u00f2nic), que regula les transaccions econ\u00f2miques mitjan\u00e7ant mitjans electr\u00f2nics, com \u00e9s el cas d'aquest bloc.<\/li><\/ul><p><strong>DADES D'IDENTIFICACI\u00d3<\/strong><\/p><p>El responsable i titular d'aquest lloc web \u00e9s<strong><\/strong> :<\/p><ul><li><strong>Nom:<\/strong> <\/li><li><strong>NIF:<\/strong> <\/li><li><strong>Domicili Social:<\/strong> <\/li><li><strong>Activitat del lloc web:<\/strong> Distribuci\u00f3 de contingut relacionat amb<strong><\/strong> , mostra de publicitat, i recomanaci\u00f3 de productes d'afiliat.<\/li><li><strong>Correu electr\u00f2nic:<\/strong><\/li><\/ul><p>Les dades que ens facilitis amb el teu consentiment, i d'acord amb l'\u00fas establert a la nostra Pol\u00edtica de Privadesa, seran incorporades a un fitxer automatitzat degudament inscrit a l'Ag\u00e8ncia Espanyola de Protecci\u00f3 de Dades. Aix\u00f2 vol dir que les vostres dades estan segures, d'acord amb el que estableix la llei. <\/p><p>Les dades personals que ens facilitis, sempre amb el teu consentiment expr\u00e9s, s'emmagatzemaran i tractaran amb les finalitats previstes i descrites a continuaci\u00f3 en aquesta Pol\u00edtica de Privadesa, fins al moment en qu\u00e8 ens demanis que les eliminem.<\/p><p>T'informem que aquesta Pol\u00edtica de Privadesa pot ser modificada en qualsevol moment per adaptar-la a novetats legislatives o canvis en les nostres activitats. La versi\u00f3 vigent ser\u00e0 sempre la publicada en aquesta web, i qualsevol modificaci\u00f3 rellevant us ser\u00e0 notificada abans de la seva aplicaci\u00f3. <\/p><p><strong>CONDICIONS D'\u00daS<\/strong><\/p><p>Has de saber, per a la teva tranquil\u00b7litat, que sempre et sol\u00b7licitarem el teu consentiment expr\u00e9s per demanar les teves dades amb la corresponent finalitat especificada en cada cas. Aix\u00f2 implica que, en cas d'atorgar aquest consentiment, has llegit i acceptat aquesta Pol\u00edtica de Privadesa. <\/p><p>En accedir i utilitzar aquesta web, assumeixes la teva condici\u00f3 d'usuari amb els teus drets i obligacions corresponents.<\/p><ul><li>Si ets m\u00e9s gran de 14 anys, podr\u00e0s registrar-te com a usuari en aquest lloc web sense el consentiment previ dels teus pares o tutors.<\/li><li>Si ets menor de 14 anys, necessitar\u00e0s el consentiment dels teus pares o tutors per al tractament de les dades personals.<\/li><\/ul><p><strong>REGISTRE I FINALITAT DE LES TEVES DADES<\/strong><\/p><p>En funci\u00f3 del formulari o secci\u00f3 a qu\u00e8 accedeixis, et sol\u00b7licitarem exclusivament les dades necess\u00e0ries amb les finalitats descrites a continuaci\u00f3. En tot moment, haur\u00e0s de donar el teu consentiment expr\u00e9s quan et sol\u00b7licitem informaci\u00f3 personal per a: <\/p><ul><li>Les finalitats concretes que particularment s'indiquin a cadascuna de les p\u00e0gines o seccions on aparegui el formulari de registre o contacte electr\u00f2nic.<\/li><li>Atendre les teves sol\u00b7licituds, comentaris, consultes o qualsevol tipus de petici\u00f3 que facis com a usuari a trav\u00e9s de qualsevol de les formes de contacte disponibles.<\/li><li>Informar-te sobre consultes, activitats, productes, novetats i\/o serveis per diversos mitjans electr\u00f2nics o f\u00edsics.<\/li><li>Enviar-te comunicacions comercials relacionades amb els nostres productes, serveis o promocions, aix\u00ed com aquells productes o serveis que puguem considerar del teu inter\u00e8s oferts per col\u00b7laboradors o &#8220;partners&#8221; amb els qui mantinguem acords de promoci\u00f3.<\/li><\/ul><p>Aquestes comunicacions seran realitzades sempre per Nom empresa, sense que tercers tinguin acc\u00e9s a les teves dades personals.<\/p><p><strong>EXACTITUD I VERACITAT DE LES DADES<\/strong><\/p><p>Com a usuari, ets responsable de la veracitat i actualitzaci\u00f3 de les dades que proporcionis. Acceptes proporcionar informaci\u00f3 completa i correcta als formularis de contacte o subscripci\u00f3. <\/p><p><strong>BAIXES DE SUBSCRIPCI\u00d3 I DRET DE REVOCACI\u00d3<\/strong><\/p><p>Com a titular de les dades, podreu exercir en qualsevol moment els vostres drets d'acc\u00e9s, rectificaci\u00f3, cancel\u00b7laci\u00f3 i oposici\u00f3 enviant un correu electr\u00f2nic a<strong><\/strong> adjuntant una c\u00f2pia del vostre document d'identitat com a prova v\u00e0lida.<\/p><p><strong>ACC\u00c9S A DADES PER COMPTE DE TERCERS<\/strong><\/p><p>Per prestar serveis necessaris, compartim dades amb:<\/p><ul><li><strong>Dinahosting SL<\/strong> , prove\u00efdor de hosting. M\u00e9s informaci\u00f3 a <a href=\"https:\/\/dinahosting.com\/legal\/proteccion-datos\">https:\/\/dinahosting.com\/legal\/proteccion-datos<\/a> . <\/li><li><strong>Google Analytics<\/strong> : Analitza l'\u00fas del lloc web. Consulta la seva pol\u00edtica de privadesa a <a href=\"https:\/\/www.google.com\/intl\/es\/policies\/privacy\/\">https:\/\/www.google.com\/intl\/es\/policies\/privacy\/<\/a> . <\/li><li><strong>Google Adsense<\/strong> : Publica anuncis personalitzats. Consulta la seva pol\u00edtica a <a href=\"https:\/\/www.google.com\/intl\/es\/policies\/privacy\/\">https:\/\/www.google.com\/intl\/es\/policies\/privacy\/<\/a> . <\/li><\/ul><p><strong>MESURES DE SEGURETAT<\/strong><\/p><p>Nom empresa ha adoptat totes les mesures necess\u00e0ries per garantir la seguretat i la integritat de les teves dades personals i evitar la seva p\u00e8rdua, alteraci\u00f3 o acc\u00e9s no autoritzat per tercers.<\/p><p>Per a m\u00e9s informaci\u00f3, podeu consultar les nostres p\u00e0gines d'Av\u00eds Legal i Pol\u00edtica de Cookies.<\/p>\t\t\t\t\t\t\t\t<\/div>\n\t\t\t\t<\/div>\n\t\t\t\t\t<\/div>\n\t\t\t\t<\/div>\n\t\t\t\t<\/div>\n\t\t","protected":false},"excerpt":{"rendered":"<p>POL\u00cdTICA DE PRIVACITAT POL\u00cdTICA DE PRIVACITAT Si ets aqu\u00ed \u00e9s perqu\u00e8 vols saber m\u00e9s sobre les obligacions i els drets que et corresponen com a usuari d'aquesta web i aix\u00f2 est\u00e0 molt b\u00e9. El nostre deure \u00e9s informar-te i el teu estar degudament informat. En aquesta Pol\u00edtica de Privadesa t'informarem amb total transpar\u00e8ncia sobre la [&hellip;]<\/p>\n","protected":false},"author":3,"featured_media":0,"parent":0,"menu_order":0,"comment_status":"closed","ping_status":"open","template":"elementor_header_footer","meta":{"_acf_changed":false,"inline_featured_image":false,"footnotes":""},"class_list":["post-3774","page","type-page","status-publish","hentry"],"acf":[],"yoast_head":"<!-- This site is optimized with the Yoast SEO plugin v27.4 - https:\/\/yoast.com\/product\/yoast-seo-wordpress\/ -->\n<title>\u25b7Pol\u00edtica de privadesa  \u3010 M\u00e0ster Cr\u00edtic UB \u3011<\/title>\n<meta name=\"description\" content=\"POL\u00cdTICA DE PRIVACITAT POL\u00cdTICA DE PRIVACITATSi ets aqu\u00ed \u00e9s perqu\u00e8 vols saber m\u00e9s sobre les obligacions i els drets que et corresponen com a usuari \u2713\" \/>\n<meta name=\"robots\" content=\"noindex, nofollow\" \/>\n<meta property=\"og:locale\" content=\"ca_ES\" \/>\n<meta property=\"og:type\" content=\"article\" \/>\n<meta property=\"og:title\" content=\"\u25b7Pol\u00edtica de privadesa  \u3010 M\u00e0ster Cr\u00edtic UB \u3011\" \/>\n<meta property=\"og:description\" content=\"POL\u00cdTICA DE PRIVACITAT POL\u00cdTICA DE PRIVACITATSi ets aqu\u00ed \u00e9s perqu\u00e8 vols saber m\u00e9s sobre les obligacions i els drets que et corresponen com a usuari \u2713\" \/>\n<meta property=\"og:url\" content=\"https:\/\/www.mastercriticoub.com\/ca\/politica-de-privadesa\/\" \/>\n<meta property=\"og:site_name\" content=\"M\u00e0ster Cr\u00edtic UB\" \/>\n<meta property=\"article:modified_time\" content=\"2026-01-30T07:08:03+00:00\" \/>\n<meta name=\"twitter:card\" content=\"summary_large_image\" \/>\n<meta name=\"twitter:label1\" content=\"Temps estimat de lectura\" \/>\n\t<meta name=\"twitter:data1\" content=\"5 minuts\" \/>\n<script type=\"application\/ld+json\" class=\"yoast-schema-graph\">{\"@context\":\"https:\\\/\\\/schema.org\",\"@graph\":[{\"@type\":\"WebPage\",\"@id\":\"https:\\\/\\\/www.mastercriticoub.com\\\/ca\\\/politica-de-privadesa\\\/\",\"url\":\"https:\\\/\\\/www.mastercriticoub.com\\\/ca\\\/politica-de-privadesa\\\/\",\"name\":\"\u25b7Pol\u00edtica de privadesa \u3010 M\u00e0ster Cr\u00edtic UB \u3011\",\"isPartOf\":{\"@id\":\"https:\\\/\\\/www.mastercriticoub.com\\\/ca\\\/#website\"},\"datePublished\":\"2021-10-14T13:46:36+00:00\",\"dateModified\":\"2026-01-30T07:08:03+00:00\",\"description\":\"POL\u00cdTICA DE PRIVACITAT POL\u00cdTICA DE PRIVACITATSi ets aqu\u00ed \u00e9s perqu\u00e8 vols saber m\u00e9s sobre les obligacions i els drets que et corresponen com a usuari \u2713\",\"breadcrumb\":{\"@id\":\"https:\\\/\\\/www.mastercriticoub.com\\\/ca\\\/politica-de-privadesa\\\/#breadcrumb\"},\"inLanguage\":\"ca\",\"potentialAction\":[{\"@type\":\"ReadAction\",\"target\":[\"https:\\\/\\\/www.mastercriticoub.com\\\/ca\\\/politica-de-privadesa\\\/\"]}]},{\"@type\":\"BreadcrumbList\",\"@id\":\"https:\\\/\\\/www.mastercriticoub.com\\\/ca\\\/politica-de-privadesa\\\/#breadcrumb\",\"itemListElement\":[{\"@type\":\"ListItem\",\"position\":1,\"name\":\"Portada\",\"item\":\"https:\\\/\\\/www.mastercriticoub.com\\\/ca\\\/inici\\\/\"},{\"@type\":\"ListItem\",\"position\":2,\"name\":\"Pol\u00edtica de privadesa\"}]},{\"@type\":\"WebSite\",\"@id\":\"https:\\\/\\\/www.mastercriticoub.com\\\/ca\\\/#website\",\"url\":\"https:\\\/\\\/www.mastercriticoub.com\\\/ca\\\/\",\"name\":\"M\u00e0ster Cr\u00edtic UB\",\"description\":\"M\u00e0ster en cura d'infermeria al malalt cr\u00edtic (Universitat de Barcelona)\",\"publisher\":{\"@id\":\"https:\\\/\\\/www.mastercriticoub.com\\\/ca\\\/#organization\"},\"potentialAction\":[{\"@type\":\"SearchAction\",\"target\":{\"@type\":\"EntryPoint\",\"urlTemplate\":\"https:\\\/\\\/www.mastercriticoub.com\\\/ca\\\/?s={search_term_string}\"},\"query-input\":{\"@type\":\"PropertyValueSpecification\",\"valueRequired\":true,\"valueName\":\"search_term_string\"}}],\"inLanguage\":\"ca\"},{\"@type\":\"Organization\",\"@id\":\"https:\\\/\\\/www.mastercriticoub.com\\\/ca\\\/#organization\",\"name\":\"M\u00e0ster Cr\u00edtic UB\",\"url\":\"https:\\\/\\\/www.mastercriticoub.com\\\/ca\\\/\",\"logo\":{\"@type\":\"ImageObject\",\"inLanguage\":\"ca\",\"@id\":\"https:\\\/\\\/www.mastercriticoub.com\\\/ca\\\/#\\\/schema\\\/logo\\\/image\\\/\",\"url\":\"https:\\\/\\\/www.mastercriticoub.com\\\/wp-content\\\/uploads\\\/2021\\\/10\\\/Frame-10.png\",\"contentUrl\":\"https:\\\/\\\/www.mastercriticoub.com\\\/wp-content\\\/uploads\\\/2021\\\/10\\\/Frame-10.png\",\"width\":104,\"height\":97,\"caption\":\"M\u00e0ster Cr\u00edtic UB\"},\"image\":{\"@id\":\"https:\\\/\\\/www.mastercriticoub.com\\\/ca\\\/#\\\/schema\\\/logo\\\/image\\\/\"}}]}<\/script>\n<!-- \/ Yoast SEO plugin. -->","yoast_head_json":{"title":"\u25b7Pol\u00edtica de privadesa  \u3010 M\u00e0ster Cr\u00edtic UB \u3011","description":"POL\u00cdTICA DE PRIVACITAT POL\u00cdTICA DE PRIVACITATSi ets aqu\u00ed \u00e9s perqu\u00e8 vols saber m\u00e9s sobre les obligacions i els drets que et corresponen com a usuari \u2713","robots":{"index":"noindex","follow":"nofollow"},"og_locale":"ca_ES","og_type":"article","og_title":"\u25b7Pol\u00edtica de privadesa  \u3010 M\u00e0ster Cr\u00edtic UB \u3011","og_description":"POL\u00cdTICA DE PRIVACITAT POL\u00cdTICA DE PRIVACITATSi ets aqu\u00ed \u00e9s perqu\u00e8 vols saber m\u00e9s sobre les obligacions i els drets que et corresponen com a usuari \u2713","og_url":"https:\/\/www.mastercriticoub.com\/ca\/politica-de-privadesa\/","og_site_name":"M\u00e0ster Cr\u00edtic UB","article_modified_time":"2026-01-30T07:08:03+00:00","twitter_card":"summary_large_image","twitter_misc":{"Temps estimat de lectura":"5 minuts"},"schema":{"@context":"https:\/\/schema.org","@graph":[{"@type":"WebPage","@id":"https:\/\/www.mastercriticoub.com\/ca\/politica-de-privadesa\/","url":"https:\/\/www.mastercriticoub.com\/ca\/politica-de-privadesa\/","name":"\u25b7Pol\u00edtica de privadesa \u3010 M\u00e0ster Cr\u00edtic UB \u3011","isPartOf":{"@id":"https:\/\/www.mastercriticoub.com\/ca\/#website"},"datePublished":"2021-10-14T13:46:36+00:00","dateModified":"2026-01-30T07:08:03+00:00","description":"POL\u00cdTICA DE PRIVACITAT POL\u00cdTICA DE PRIVACITATSi ets aqu\u00ed \u00e9s perqu\u00e8 vols saber m\u00e9s sobre les obligacions i els drets que et corresponen com a usuari \u2713","breadcrumb":{"@id":"https:\/\/www.mastercriticoub.com\/ca\/politica-de-privadesa\/#breadcrumb"},"inLanguage":"ca","potentialAction":[{"@type":"ReadAction","target":["https:\/\/www.mastercriticoub.com\/ca\/politica-de-privadesa\/"]}]},{"@type":"BreadcrumbList","@id":"https:\/\/www.mastercriticoub.com\/ca\/politica-de-privadesa\/#breadcrumb","itemListElement":[{"@type":"ListItem","position":1,"name":"Portada","item":"https:\/\/www.mastercriticoub.com\/ca\/inici\/"},{"@type":"ListItem","position":2,"name":"Pol\u00edtica de privadesa"}]},{"@type":"WebSite","@id":"https:\/\/www.mastercriticoub.com\/ca\/#website","url":"https:\/\/www.mastercriticoub.com\/ca\/","name":"M\u00e0ster Cr\u00edtic UB","description":"M\u00e0ster en cura d'infermeria al malalt cr\u00edtic (Universitat de Barcelona)","publisher":{"@id":"https:\/\/www.mastercriticoub.com\/ca\/#organization"},"potentialAction":[{"@type":"SearchAction","target":{"@type":"EntryPoint","urlTemplate":"https:\/\/www.mastercriticoub.com\/ca\/?s={search_term_string}"},"query-input":{"@type":"PropertyValueSpecification","valueRequired":true,"valueName":"search_term_string"}}],"inLanguage":"ca"},{"@type":"Organization","@id":"https:\/\/www.mastercriticoub.com\/ca\/#organization","name":"M\u00e0ster Cr\u00edtic UB","url":"https:\/\/www.mastercriticoub.com\/ca\/","logo":{"@type":"ImageObject","inLanguage":"ca","@id":"https:\/\/www.mastercriticoub.com\/ca\/#\/schema\/logo\/image\/","url":"https:\/\/www.mastercriticoub.com\/wp-content\/uploads\/2021\/10\/Frame-10.png","contentUrl":"https:\/\/www.mastercriticoub.com\/wp-content\/uploads\/2021\/10\/Frame-10.png","width":104,"height":97,"caption":"M\u00e0ster Cr\u00edtic UB"},"image":{"@id":"https:\/\/www.mastercriticoub.com\/ca\/#\/schema\/logo\/image\/"}}]}},"_links":{"self":[{"href":"https:\/\/www.mastercriticoub.com\/ca\/wp-json\/wp\/v2\/pages\/3774","targetHints":{"allow":["GET"]}}],"collection":[{"href":"https:\/\/www.mastercriticoub.com\/ca\/wp-json\/wp\/v2\/pages"}],"about":[{"href":"https:\/\/www.mastercriticoub.com\/ca\/wp-json\/wp\/v2\/types\/page"}],"author":[{"embeddable":true,"href":"https:\/\/www.mastercriticoub.com\/ca\/wp-json\/wp\/v2\/users\/3"}],"replies":[{"embeddable":true,"href":"https:\/\/www.mastercriticoub.com\/ca\/wp-json\/wp\/v2\/comments?post=3774"}],"version-history":[{"count":1,"href":"https:\/\/www.mastercriticoub.com\/ca\/wp-json\/wp\/v2\/pages\/3774\/revisions"}],"predecessor-version":[{"id":3775,"href":"https:\/\/www.mastercriticoub.com\/ca\/wp-json\/wp\/v2\/pages\/3774\/revisions\/3775"}],"wp:attachment":[{"href":"https:\/\/www.mastercriticoub.com\/ca\/wp-json\/wp\/v2\/media?parent=3774"}],"curies":[{"name":"wp","href":"https:\/\/api.w.org\/{rel}","templated":true}]}}