{"id":3876,"date":"2021-10-16T15:24:59","date_gmt":"2021-10-16T13:24:59","guid":{"rendered":"https:\/\/www.mastercriticoub.com\/avis-legal\/"},"modified":"2026-01-30T08:08:46","modified_gmt":"2026-01-30T07:08:46","slug":"avis-legal","status":"publish","type":"page","link":"https:\/\/www.mastercriticoub.com\/ca\/avis-legal\/","title":{"rendered":"Av\u00eds legal"},"content":{"rendered":"\t\t<div data-elementor-type=\"wp-page\" data-elementor-id=\"3876\" class=\"elementor elementor-3876 elementor-57\" data-elementor-post-type=\"page\">\n\t\t\t\t<div class=\"elementor-element elementor-element-664f328 e-flex e-con-boxed e-con e-parent\" data-id=\"664f328\" data-element_type=\"container\" data-e-type=\"container\">\n\t\t\t\t\t<div class=\"e-con-inner\">\n\t\t\t\t<div class=\"elementor-element elementor-element-39e90d5 elementor-widget elementor-widget-heading\" data-id=\"39e90d5\" data-element_type=\"widget\" data-e-type=\"widget\" data-widget_type=\"heading.default\">\n\t\t\t\t<div class=\"elementor-widget-container\">\n\t\t\t\t\t<h1 class=\"elementor-heading-title elementor-size-default\">AV\u00cdS LEGAL<\/h1>\t\t\t\t<\/div>\n\t\t\t\t<\/div>\n\t\t\t\t<div class=\"elementor-element elementor-element-c026941 elementor-widget elementor-widget-text-editor\" data-id=\"c026941\" data-element_type=\"widget\" data-e-type=\"widget\" data-widget_type=\"text-editor.default\">\n\t\t\t\t<div class=\"elementor-widget-container\">\n\t\t\t\t\t\t\t\t\t<p><strong>AV\u00cdS LEGAL<\/strong><\/p><p>Aquest Av\u00eds Legal t\u00e9 l'objectiu d'informar-vos dels vostres drets i obligacions com a usuari d'aquest lloc web. Aqu\u00ed trobar\u00e0s tota la informaci\u00f3 que necessites sobre aquest lloc web, la seva activitat, les dades personals que recull i la seva finalitat, aix\u00ed com les normes d\u00fas que regulen l\u00fas daquesta web. <\/p><p>En el moment en qu\u00e8 accedeixis a aquest lloc web  <strong><\/strong>, assumeixes la condici\u00f3 d'usuari, per aix\u00f2 el contingut d'aquest Av\u00eds Legal t'afecta directament. Per aix\u00f2, \u00e9s important que el llegeixis per dissipar qualsevol dubte que puguis tenir i tenir coneixement de causa sobre les condicions que est\u00e0s acceptant. <\/p><p>Per comen\u00e7ar, has de saber que aquest lloc web compleix les normatives vigents en mat\u00e8ria de protecci\u00f3 de dades, amb l'objectiu d'aportar-te les garanties, la seguretat i la transpar\u00e8ncia que, com a usuari, et corresponen en utilitzar aquest web.<\/p><ul><li><strong>El RGPD<\/strong> (Reglament (UE) 2016\/679 del Parlament Europeu i del Consell de 27 d'abril de 2016 relatiu a la protecci\u00f3 de les persones f\u00edsiques), que unifica la regulaci\u00f3 del tractament de les dades personals als diferents pa\u00efsos de la UE.<\/li><li><strong>La LOPDGDD<\/strong> (Llei Org\u00e0nica 3\/2018, de 5 de desembre, de protecci\u00f3 de dades personals i garantia dels drets digitals), que regula el tractament de les dades personals i les obligacions que hem d'assumir els responsables d'una web o un bloc en gestionar aquesta informaci\u00f3.<\/li><li><strong>La LSSI<\/strong> (Llei 34\/2002, de 11 de juliol, de Serveis de la Societat de la Informaci\u00f3 i Comer\u00e7 Electr\u00f2nic), que regula les transaccions econ\u00f2miques mitjan\u00e7ant mitjans electr\u00f2nics.<\/li><\/ul><h3>DADES D'IDENTIFICACI\u00d3<\/h3><p>El responsable i titular d'aquest lloc web \u00e9s<strong><\/strong> :<\/p><ul><li><strong>Nom:<\/strong> <\/li><li><strong>NIF:<\/strong> <\/li><li><strong>Domicili Social:<\/strong> <\/li><li><strong>Activitat del lloc web:<\/strong> Distribuci\u00f3 de contingut relacionat amb<strong><\/strong> , mostra de publicitat, i recomanaci\u00f3 de productes d'afiliat.<\/li><li><strong>Correu electr\u00f2nic:<\/strong> <\/li><\/ul><p>Les dades que ens facilitis amb el teu consentiment, i d'acord amb l'\u00fas establert a la nostra Pol\u00edtica de Privadesa, seran incorporades a un fitxer automatitzat, el responsable del qual \u00e9s  <strong><\/strong>. Aix\u00f2 garanteix que les teves dades estan segures i protegides d'acord amb la llei.<\/p><h3>NORMES D'ACC\u00c9S AL LLOC WEB<\/h3><p>Com a usuari de la nostra web, tamb\u00e9 teniu una s\u00e8rie d'obligacions:<\/p><ul><li>No podr\u00e0s utilitzar aquest lloc web per a activitats contr\u00e0ries a les lleis, a la moral, a l'ordre p\u00fablic ni per a usos contraris a all\u00f2 expressat en aquest Av\u00eds Legal.<\/li><li>No podr\u00e0s realitzar activitats publicit\u00e0ries o dexplotaci\u00f3 comercial utilitzant identitats falses.<\/li><li>Ser\u00e0s l'\u00fanic responsable de la veracitat i exactitud dels continguts que introdueixis en aquesta web i de les dades personals que ens facilitis amb les finalitats previstes a la nostra Pol\u00edtica de Privadesa.<\/li><li>Tamb\u00e9 ser\u00e0s responsable de qualsevol actuaci\u00f3 il\u00b7l\u00edcita, lesiva de drets, nociva i\/o perjudicial en llocs de tercers a qu\u00e8 et puguem redirigir.<\/li><\/ul><p><strong><\/strong>  podr\u00e0 interrompre el servei de la p\u00e0gina i resoldre la relaci\u00f3 amb lusuari si detecta un \u00fas indegut de la web.<\/p><h3>PROPIETAT INTEL\u00b7LECTUAL I INDUSTRIAL<\/h3><p>La totalitat d'aquest lloc web (text, imatges, marques, gr\u00e0fics, logotips, botons, arxius de programari, combinacions de colors, aix\u00ed com l'estructura, la selecci\u00f3, l'ordenaci\u00f3 i la presentaci\u00f3 dels seus continguts) est\u00e0 protegida per les lleis vigents sobre propietat intel\u00b7lectual i industrial.<\/p><p>Queda prohibida la seva reproducci\u00f3, distribuci\u00f3, comunicaci\u00f3 p\u00fablica i transformaci\u00f3, excepte per a \u00fas personal i privat.<\/p><p><strong><\/strong>  no garanteix que els continguts siguin necessaris o lliures derror. El bon \u00fas o mal d'aquesta p\u00e0gina i dels seus continguts \u00e9s responsabilitat de l'usuari. <\/p><h3>ENLLA\u00c7OS O LINKS<\/h3><p>Aquest lloc web inclou enlla\u00e7os a llocs de tercers. Aquestes p\u00e0gines no han estat revisades ni s\u00f3n objecte de controls per part nostra, per la qual cosa   <strong><\/strong>  no ser\u00e0 responsable dels continguts, pol\u00edtiques de privadesa ni mesures adoptades per aquests tercers.<\/p><p>Us recomanem llegir detingudament les condicions d'\u00fas i pol\u00edtiques d'aquests llocs abans d'utilitzar-los.<\/p><h3>ENLLA\u00c7OS D'AFILIACI\u00d3 D'AMAZON<\/h3><p>Aquest lloc web utilitza enlla\u00e7os d'afiliats d'Amazon. Aix\u00f2 significa que trobareu enlla\u00e7os a productes d'Amazon que podreu adquirir sota les vostres condicions d'\u00fas. <\/p><h3>LIMITACI\u00d3 DE RESPONSABILITAT<\/h3><p><strong><\/strong>  no es fa responsable de:<\/p><ul><li>La qualitat, velocitat i continu\u00eftat del servei.<\/li><li>L'exist\u00e8ncia de virus, programari malici\u00f3s o programes maliciosos en els continguts.<\/li><li>L\u00fas il\u00b7l\u00edcit o negligent de la web.<\/li><li>La manca de licitud, qualitat, fiabilitat o utilitat dels serveis proporcionats per tercers.<\/li><li>Els danys que puguin derivar-se de l\u00fas il\u00b7legal daquesta web.<\/li><\/ul><h3>POL\u00cdTICA DE PRIVACITAT I PROTECCI\u00d3 DE DADES<\/h3><p>Aquest lloc web compleix la normativa vigent en mat\u00e8ria de protecci\u00f3 de dades. Com a usuari, haur\u00e0s de donar el teu consentiment expr\u00e9s abans de facilitar dades personals a trav\u00e9s dels formularis disponibles a la web. Tota la informaci\u00f3 al respecte est\u00e0 disponible a la nostra <strong>Pol\u00edtica de Privadesa<\/strong> .  <\/p><h3>POL\u00cdTICA DE COOKIES<\/h3><p>Aquest lloc web utilitza cookies pr\u00f2pies i de tercers. Podeu configurar el vostre navegador per rebutjar l'\u00fas de cookies. Per a m\u00e9s informaci\u00f3, consulta la nostra <strong>Pol\u00edtica de Cookies<\/strong> .  <\/p><h3>LEGISLACI\u00d3 APLICABLE I JURISDICCI\u00d3 COMPETENT<\/h3><p>Aquest Av\u00eds Legal est\u00e0 sotm\u00e8s a la legislaci\u00f3 espanyola vigent. Qualsevol controv\u00e8rsia se sotmetr\u00e0 als jutjats i tribunals del domicili de l'usuari. Si l'usuari resideix fora d'Espanya, les parts se sotmetran als jutjats i als tribunals de Barcelona (Espanya).  <\/p><p>Si tens qualsevol dubte, pots enviar-nos un correu electr\u00f2nic a<strong><\/strong> .<\/p>\t\t\t\t\t\t\t\t<\/div>\n\t\t\t\t<\/div>\n\t\t\t\t\t<\/div>\n\t\t\t\t<\/div>\n\t\t\t\t<\/div>\n\t\t","protected":false},"excerpt":{"rendered":"<p>AV\u00cdS LEGAL AV\u00cdS LEGAL Aquest Av\u00eds Legal t\u00e9 l'objectiu d'informar-vos dels vostres drets i obligacions com a usuari d'aquest lloc web. Aqu\u00ed trobar\u00e0s tota la informaci\u00f3 que necessites sobre aquest lloc web, la seva activitat, les dades personals que recull i la seva finalitat, aix\u00ed com les normes d\u00fas que regulen l\u00fas daquesta web. En [&hellip;]<\/p>\n","protected":false},"author":3,"featured_media":0,"parent":0,"menu_order":0,"comment_status":"closed","ping_status":"closed","template":"elementor_header_footer","meta":{"_acf_changed":false,"inline_featured_image":false,"footnotes":""},"class_list":["post-3876","page","type-page","status-publish","hentry"],"acf":[],"yoast_head":"<!-- This site is optimized with the Yoast SEO plugin v27.4 - https:\/\/yoast.com\/product\/yoast-seo-wordpress\/ -->\n<title>\u25b7Av\u00eds legal  \u3010 M\u00e0ster Cr\u00edtic UB \u3011<\/title>\n<meta name=\"description\" content=\"AV\u00cdS LEGAL AV\u00cdS LEGALAquest Av\u00eds Legal t\u00e9 l&#039;objectiu d&#039;informar-vos dels vostres drets i obligacions com a usuari d&#039;aquest lloc web. Aqu\u00ed trobar\u00e0s tota la \u2713\" \/>\n<meta name=\"robots\" content=\"noindex, nofollow\" \/>\n<meta property=\"og:locale\" content=\"ca_ES\" \/>\n<meta property=\"og:type\" content=\"article\" \/>\n<meta property=\"og:title\" content=\"\u25b7Av\u00eds legal  \u3010 M\u00e0ster Cr\u00edtic UB \u3011\" \/>\n<meta property=\"og:description\" content=\"AV\u00cdS LEGAL AV\u00cdS LEGALAquest Av\u00eds Legal t\u00e9 l&#039;objectiu d&#039;informar-vos dels vostres drets i obligacions com a usuari d&#039;aquest lloc web. Aqu\u00ed trobar\u00e0s tota la \u2713\" \/>\n<meta property=\"og:url\" content=\"https:\/\/www.mastercriticoub.com\/ca\/avis-legal\/\" \/>\n<meta property=\"og:site_name\" content=\"M\u00e0ster Cr\u00edtic UB\" \/>\n<meta property=\"article:modified_time\" content=\"2026-01-30T07:08:46+00:00\" \/>\n<meta name=\"twitter:card\" content=\"summary_large_image\" \/>\n<meta name=\"twitter:label1\" content=\"Temps estimat de lectura\" \/>\n\t<meta name=\"twitter:data1\" content=\"5 minuts\" \/>\n<script type=\"application\/ld+json\" class=\"yoast-schema-graph\">{\"@context\":\"https:\\\/\\\/schema.org\",\"@graph\":[{\"@type\":\"WebPage\",\"@id\":\"https:\\\/\\\/www.mastercriticoub.com\\\/ca\\\/avis-legal\\\/\",\"url\":\"https:\\\/\\\/www.mastercriticoub.com\\\/ca\\\/avis-legal\\\/\",\"name\":\"\u25b7Av\u00eds legal \u3010 M\u00e0ster Cr\u00edtic UB \u3011\",\"isPartOf\":{\"@id\":\"https:\\\/\\\/www.mastercriticoub.com\\\/ca\\\/#website\"},\"datePublished\":\"2021-10-16T13:24:59+00:00\",\"dateModified\":\"2026-01-30T07:08:46+00:00\",\"description\":\"AV\u00cdS LEGAL AV\u00cdS LEGALAquest Av\u00eds Legal t\u00e9 l'objectiu d'informar-vos dels vostres drets i obligacions com a usuari d'aquest lloc web. Aqu\u00ed trobar\u00e0s tota la \u2713\",\"breadcrumb\":{\"@id\":\"https:\\\/\\\/www.mastercriticoub.com\\\/ca\\\/avis-legal\\\/#breadcrumb\"},\"inLanguage\":\"ca\",\"potentialAction\":[{\"@type\":\"ReadAction\",\"target\":[\"https:\\\/\\\/www.mastercriticoub.com\\\/ca\\\/avis-legal\\\/\"]}]},{\"@type\":\"BreadcrumbList\",\"@id\":\"https:\\\/\\\/www.mastercriticoub.com\\\/ca\\\/avis-legal\\\/#breadcrumb\",\"itemListElement\":[{\"@type\":\"ListItem\",\"position\":1,\"name\":\"Portada\",\"item\":\"https:\\\/\\\/www.mastercriticoub.com\\\/ca\\\/inici\\\/\"},{\"@type\":\"ListItem\",\"position\":2,\"name\":\"Av\u00eds legal\"}]},{\"@type\":\"WebSite\",\"@id\":\"https:\\\/\\\/www.mastercriticoub.com\\\/ca\\\/#website\",\"url\":\"https:\\\/\\\/www.mastercriticoub.com\\\/ca\\\/\",\"name\":\"M\u00e0ster Cr\u00edtic UB\",\"description\":\"M\u00e0ster en cura d'infermeria al malalt cr\u00edtic (Universitat de Barcelona)\",\"publisher\":{\"@id\":\"https:\\\/\\\/www.mastercriticoub.com\\\/ca\\\/#organization\"},\"potentialAction\":[{\"@type\":\"SearchAction\",\"target\":{\"@type\":\"EntryPoint\",\"urlTemplate\":\"https:\\\/\\\/www.mastercriticoub.com\\\/ca\\\/?s={search_term_string}\"},\"query-input\":{\"@type\":\"PropertyValueSpecification\",\"valueRequired\":true,\"valueName\":\"search_term_string\"}}],\"inLanguage\":\"ca\"},{\"@type\":\"Organization\",\"@id\":\"https:\\\/\\\/www.mastercriticoub.com\\\/ca\\\/#organization\",\"name\":\"M\u00e0ster Cr\u00edtic UB\",\"url\":\"https:\\\/\\\/www.mastercriticoub.com\\\/ca\\\/\",\"logo\":{\"@type\":\"ImageObject\",\"inLanguage\":\"ca\",\"@id\":\"https:\\\/\\\/www.mastercriticoub.com\\\/ca\\\/#\\\/schema\\\/logo\\\/image\\\/\",\"url\":\"https:\\\/\\\/www.mastercriticoub.com\\\/wp-content\\\/uploads\\\/2021\\\/10\\\/Frame-10.png\",\"contentUrl\":\"https:\\\/\\\/www.mastercriticoub.com\\\/wp-content\\\/uploads\\\/2021\\\/10\\\/Frame-10.png\",\"width\":104,\"height\":97,\"caption\":\"M\u00e0ster Cr\u00edtic UB\"},\"image\":{\"@id\":\"https:\\\/\\\/www.mastercriticoub.com\\\/ca\\\/#\\\/schema\\\/logo\\\/image\\\/\"}}]}<\/script>\n<!-- \/ Yoast SEO plugin. -->","yoast_head_json":{"title":"\u25b7Av\u00eds legal  \u3010 M\u00e0ster Cr\u00edtic UB \u3011","description":"AV\u00cdS LEGAL AV\u00cdS LEGALAquest Av\u00eds Legal t\u00e9 l'objectiu d'informar-vos dels vostres drets i obligacions com a usuari d'aquest lloc web. Aqu\u00ed trobar\u00e0s tota la \u2713","robots":{"index":"noindex","follow":"nofollow"},"og_locale":"ca_ES","og_type":"article","og_title":"\u25b7Av\u00eds legal  \u3010 M\u00e0ster Cr\u00edtic UB \u3011","og_description":"AV\u00cdS LEGAL AV\u00cdS LEGALAquest Av\u00eds Legal t\u00e9 l'objectiu d'informar-vos dels vostres drets i obligacions com a usuari d'aquest lloc web. Aqu\u00ed trobar\u00e0s tota la \u2713","og_url":"https:\/\/www.mastercriticoub.com\/ca\/avis-legal\/","og_site_name":"M\u00e0ster Cr\u00edtic UB","article_modified_time":"2026-01-30T07:08:46+00:00","twitter_card":"summary_large_image","twitter_misc":{"Temps estimat de lectura":"5 minuts"},"schema":{"@context":"https:\/\/schema.org","@graph":[{"@type":"WebPage","@id":"https:\/\/www.mastercriticoub.com\/ca\/avis-legal\/","url":"https:\/\/www.mastercriticoub.com\/ca\/avis-legal\/","name":"\u25b7Av\u00eds legal \u3010 M\u00e0ster Cr\u00edtic UB \u3011","isPartOf":{"@id":"https:\/\/www.mastercriticoub.com\/ca\/#website"},"datePublished":"2021-10-16T13:24:59+00:00","dateModified":"2026-01-30T07:08:46+00:00","description":"AV\u00cdS LEGAL AV\u00cdS LEGALAquest Av\u00eds Legal t\u00e9 l'objectiu d'informar-vos dels vostres drets i obligacions com a usuari d'aquest lloc web. Aqu\u00ed trobar\u00e0s tota la \u2713","breadcrumb":{"@id":"https:\/\/www.mastercriticoub.com\/ca\/avis-legal\/#breadcrumb"},"inLanguage":"ca","potentialAction":[{"@type":"ReadAction","target":["https:\/\/www.mastercriticoub.com\/ca\/avis-legal\/"]}]},{"@type":"BreadcrumbList","@id":"https:\/\/www.mastercriticoub.com\/ca\/avis-legal\/#breadcrumb","itemListElement":[{"@type":"ListItem","position":1,"name":"Portada","item":"https:\/\/www.mastercriticoub.com\/ca\/inici\/"},{"@type":"ListItem","position":2,"name":"Av\u00eds legal"}]},{"@type":"WebSite","@id":"https:\/\/www.mastercriticoub.com\/ca\/#website","url":"https:\/\/www.mastercriticoub.com\/ca\/","name":"M\u00e0ster Cr\u00edtic UB","description":"M\u00e0ster en cura d'infermeria al malalt cr\u00edtic (Universitat de Barcelona)","publisher":{"@id":"https:\/\/www.mastercriticoub.com\/ca\/#organization"},"potentialAction":[{"@type":"SearchAction","target":{"@type":"EntryPoint","urlTemplate":"https:\/\/www.mastercriticoub.com\/ca\/?s={search_term_string}"},"query-input":{"@type":"PropertyValueSpecification","valueRequired":true,"valueName":"search_term_string"}}],"inLanguage":"ca"},{"@type":"Organization","@id":"https:\/\/www.mastercriticoub.com\/ca\/#organization","name":"M\u00e0ster Cr\u00edtic UB","url":"https:\/\/www.mastercriticoub.com\/ca\/","logo":{"@type":"ImageObject","inLanguage":"ca","@id":"https:\/\/www.mastercriticoub.com\/ca\/#\/schema\/logo\/image\/","url":"https:\/\/www.mastercriticoub.com\/wp-content\/uploads\/2021\/10\/Frame-10.png","contentUrl":"https:\/\/www.mastercriticoub.com\/wp-content\/uploads\/2021\/10\/Frame-10.png","width":104,"height":97,"caption":"M\u00e0ster Cr\u00edtic UB"},"image":{"@id":"https:\/\/www.mastercriticoub.com\/ca\/#\/schema\/logo\/image\/"}}]}},"_links":{"self":[{"href":"https:\/\/www.mastercriticoub.com\/ca\/wp-json\/wp\/v2\/pages\/3876","targetHints":{"allow":["GET"]}}],"collection":[{"href":"https:\/\/www.mastercriticoub.com\/ca\/wp-json\/wp\/v2\/pages"}],"about":[{"href":"https:\/\/www.mastercriticoub.com\/ca\/wp-json\/wp\/v2\/types\/page"}],"author":[{"embeddable":true,"href":"https:\/\/www.mastercriticoub.com\/ca\/wp-json\/wp\/v2\/users\/3"}],"replies":[{"embeddable":true,"href":"https:\/\/www.mastercriticoub.com\/ca\/wp-json\/wp\/v2\/comments?post=3876"}],"version-history":[{"count":1,"href":"https:\/\/www.mastercriticoub.com\/ca\/wp-json\/wp\/v2\/pages\/3876\/revisions"}],"predecessor-version":[{"id":3877,"href":"https:\/\/www.mastercriticoub.com\/ca\/wp-json\/wp\/v2\/pages\/3876\/revisions\/3877"}],"wp:attachment":[{"href":"https:\/\/www.mastercriticoub.com\/ca\/wp-json\/wp\/v2\/media?parent=3876"}],"curies":[{"name":"wp","href":"https:\/\/api.w.org\/{rel}","templated":true}]}}